{"id":15042,"date":"2016-11-23T09:25:58","date_gmt":"2016-11-23T09:25:58","guid":{"rendered":"https:\/\/archtechmallorca.com\/?page_id=15042"},"modified":"2021-09-22T14:44:08","modified_gmt":"2021-09-22T14:44:08","slug":"estudio-3","status":"publish","type":"page","link":"https:\/\/archtechmallorca.com\/de\/estudio-3\/","title":{"rendered":"Studio"},"content":{"rendered":"<p><div class=\"fusion-fullwidth fullwidth-box fusion-builder-row-1 nonhundred-percent-fullwidth non-hundred-percent-height-scrolling\" style=\"background-color: rgba(255,255,255,0);background-position: left top;background-repeat: no-repeat;padding-top:50px;padding-right:0px;padding-bottom:50px;padding-left:0px;margin-bottom: 0px;margin-top: 0px;border-width: 0px 0px 0px 0px;border-color:#eae9e9;border-style:solid;\" ><div class=\"fusion-builder-row fusion-row\"><div class=\"fusion-layout-column fusion_builder_column fusion-builder-column-0 fusion_builder_column_1_2 1_2 fusion-one-half fusion-column-first\" style=\"width:48%; margin-right: 4%;margin-top:0px;margin-bottom:20px;\"><div class=\"fusion-column-wrapper fusion-flex-column-wrapper-legacy\" style=\"background-position:left top;background-repeat:no-repeat;-webkit-background-size:cover;-moz-background-size:cover;-o-background-size:cover;background-size:cover;padding: 0px 0px 0px 0px;\"><div class=\"fusion-text fusion-text-1\"><h2 data-fontsize=\"48\" data-lineheight=\"60\">\u00dcBER 40 JAHRE ERFAHRUNG<\/h2>\n<p>Arch Tech Mallorca S.L ist ein Architekturstudio, welches von Jos\u00e9 \u00c1ngel Su\u00e1rez Gonz\u00e1lez-Mayo, einem renommierten Architekten mit mehr als 40 Jahren Berufserfahrung, und von dem nicht weniger bedeutenden Aramis Su\u00e1rez Ferrer, einem Ingenieur , gegr\u00fcndet wurde und geleitet wird.<br \/>\nDurch die Reflexionen der leidenschaftlichen K\u00fcnstler \u00fcber die Sch\u00f6nheit der Formen, die R\u00e4ume und das Licht, gepaart mit Avantgarde und Kreativit\u00e4t, ist Arch Tech Mallorca ein Studio mit einem pers\u00f6nlichen, exklusiven und zeitgen\u00f6ssischen Stil.<\/p>\n<\/div><div class=\"fusion-clearfix\"><\/div><\/div><\/div><div class=\"fusion-layout-column fusion_builder_column fusion-builder-column-1 fusion_builder_column_1_2 1_2 fusion-one-half fusion-column-last\" style=\"width:48%;margin-top:0px;margin-bottom:20px;\"><div class=\"fusion-column-wrapper fusion-flex-column-wrapper-legacy\" style=\"background-position:left top;background-repeat:no-repeat;-webkit-background-size:cover;-moz-background-size:cover;-o-background-size:cover;background-size:cover;padding: 0px 0px 0px 0px;\"><div class=\"fusion-slider-sc fusion-flexslider-loading flexslider flexslider-hover-type-none\" data-slideshow_autoplay=\"1\" data-slideshow_smooth_height=\"1\" data-slideshow_speed=\"4000\" style=\"max-width:100%;height:100%;\"><ul class=\"slides\"><li class=\"image\"><span class=\"fusion-image-hover-element hover-type-none\"><img decoding=\"async\" src=\"https:\/\/archtechmallorca.com\/wp-content\/uploads\/2015\/02\/IMG_0199.jpg\" width=\"3456\" height=\"2304\" \/><\/span><\/li><li class=\"image\"><span class=\"fusion-image-hover-element hover-type-none\"><img decoding=\"async\" src=\"https:\/\/archtechmallorca.com\/wp-content\/uploads\/2015\/02\/IMG_0214.jpg\" width=\"3456\" height=\"2304\" \/><\/span><\/li><li class=\"image\"><span class=\"fusion-image-hover-element hover-type-none\"><img decoding=\"async\" src=\"https:\/\/archtechmallorca.com\/wp-content\/uploads\/2015\/02\/b-Bloque1-recortar.jpg\" width=\"2000\" height=\"1335\" \/><\/span><\/li><li class=\"image\"><span class=\"fusion-image-hover-element hover-type-none\"><img decoding=\"async\" src=\"https:\/\/archtechmallorca.com\/wp-content\/uploads\/2015\/02\/Artech1353.jpg\" width=\"800\" height=\"534\" \/><\/span><\/li><\/ul><\/div><div class=\"fusion-clearfix\"><\/div><\/div><\/div><\/div><\/div><div class=\"fusion-fullwidth fullwidth-box fusion-builder-row-2 fusion-parallax-fixed nonhundred-percent-fullwidth non-hundred-percent-height-scrolling\" style=\"background-color: rgba(255,255,255,0);background-image: url(&quot;https:\/\/archtechmallorca.com\/wp-content\/uploads\/2015\/02\/img-de-fondo-bloque-2.jpg&quot;);background-position: left top;background-repeat: no-repeat;padding-top:50px;padding-right:0px;padding-bottom:50px;padding-left:0px;margin-bottom: 0px;margin-top: 0px;border-width: 0px 0px 0px 0px;border-color:#eae9e9;border-style:solid;-webkit-background-size:cover;-moz-background-size:cover;-o-background-size:cover;background-size:cover;background-attachment:fixed;\" ><div class=\"fusion-builder-row fusion-row\"><div class=\"fusion-layout-column fusion_builder_column fusion-builder-column-2 fusion_builder_column_1_1 1_1 fusion-one-full fusion-column-first fusion-column-last fusion-column-no-min-height\" style=\"margin-top:0px;margin-bottom:0px;\"><div class=\"fusion-column-wrapper fusion-flex-column-wrapper-legacy\" style=\"background-position:left top;background-repeat:no-repeat;-webkit-background-size:cover;-moz-background-size:cover;-o-background-size:cover;background-size:cover;padding: 0px 0px 0px 0px;\"><div class=\"fusion-text fusion-text-2\"><p style=\"color: #ffffff;\">Eine Rundumfirma, die sich mit Architektur, Design, Stadtplanung, Ingenieurwissenschaft, Bauwesen, technischer Architektur, Innenarchitektur und Gartengestaltung befasst, sodass der gesamte Prozess eines Bauwerkes von Grund auf bis hin zu dessen Fertigstellung kontrolliert werden kann \u2013 somit bietet Arch Tech Mallorca einen Rundumservice.<\/p>\n<p style=\"color: #ffffff;\">Der lange Werdegang und die professionellen Kenntnisse haben dazu beigetragen, dass das Architektenstudio sich mit Erfolg im Immobilienbereich etablieren konnte.<\/p>\n<\/div><div class=\"fusion-clearfix\"><\/div><\/div><\/div><\/div><\/div><div class=\"fusion-fullwidth fullwidth-box fusion-builder-row-3 nonhundred-percent-fullwidth non-hundred-percent-height-scrolling\" style=\"background-color: rgba(255,255,255,0);background-position: left top;background-repeat: no-repeat;padding-top:80px;padding-right:0px;padding-bottom:40px;padding-left:0px;margin-bottom: 0px;margin-top: 0px;border-width: 0px 0px 0px 0px;border-color:#eae9e9;border-style:solid;\" ><div class=\"fusion-builder-row fusion-row\"><div class=\"fusion-layout-column fusion_builder_column fusion-builder-column-3 fusion_builder_column_1_2 1_2 fusion-one-half fusion-column-first\" style=\"width:48%; margin-right: 4%;margin-top:0px;margin-bottom:0px;\"><div class=\"fusion-column-wrapper fusion-flex-column-wrapper-legacy\" style=\"background-position:right center;background-repeat:no-repeat;-webkit-background-size:cover;-moz-background-size:cover;-o-background-size:cover;background-size:cover;padding: 10px;\"><div class=\"fusion-text fusion-text-3\"><h2 data-fontsize=\"48\" data-lineheight=\"60\">Jos\u00e9 \u00c1ngel Su\u00e1rez Gonz\u00e1lez-Mayo<\/h2>\n<\/div><div class=\"fusion-text fusion-text-4\"><h3><em>&#8222;Jedes Projekt ist eine neue Herausforderung. Wir bieten architektonische L\u00f6sungen an, je nach den Anforderungen unserer Kunden. Dies ist ein innovativer Prozess, in dem wir mit den gewagtesten Designs experimentieren und f\u00fcr die wir die neuesten Technologien und Materialien des Marktes verwenden.&#8220;<\/em><\/h3>\n<\/div><div class=\"fusion-clearfix\"><\/div><\/div><\/div><div class=\"fusion-layout-column fusion_builder_column fusion-builder-column-4 fusion_builder_column_1_2 1_2 fusion-one-half fusion-column-last\" style=\"width:48%;margin-top:0px;margin-bottom:100px;\"><div class=\"fusion-column-wrapper fusion-flex-column-wrapper-legacy\" style=\"background-position:left top;background-repeat:no-repeat;-webkit-background-size:cover;-moz-background-size:cover;-o-background-size:cover;background-size:cover;padding: 0px 0px 0px 0px;\"><span class=\" fusion-imageframe imageframe-none imageframe-1 hover-type-zoomin fusion-animated\" data-animationType=\"fadeInDown\" data-animationDuration=\"1\" data-animationOffset=\"top-into-view\"><a href=\"https:\/\/archtechmallorca.com\/wp-content\/uploads\/2015\/02\/1.jpg\" class=\"fusion-lightbox\" data-rel=\"iLightbox[d69cc20550b071c6b5e]\" data-title=\"1\" title=\"1\"><img decoding=\"async\" width=\"800\" height=\"532\" src=\"https:\/\/archtechmallorca.com\/wp-content\/uploads\/2015\/02\/1.jpg\" class=\"img-responsive wp-image-13211\" srcset=\"https:\/\/archtechmallorca.com\/wp-content\/uploads\/2015\/02\/1-300x200.jpg 300w, https:\/\/archtechmallorca.com\/wp-content\/uploads\/2015\/02\/1-768x511.jpg 768w, https:\/\/archtechmallorca.com\/wp-content\/uploads\/2015\/02\/1.jpg 800w\" sizes=\"(max-width: 800px) 100vw, 800px\" \/><\/a><\/span><div class=\"fusion-clearfix\"><\/div><\/div><\/div><\/div><\/div><div class=\"fusion-fullwidth fullwidth-box fusion-builder-row-4 fusion-parallax-fixed nonhundred-percent-fullwidth non-hundred-percent-height-scrolling\" style=\"background-color: rgba(255,255,255,0);background-image: url(&quot;https:\/\/archtechmallorca.com\/wp-content\/uploads\/2015\/02\/02.jpg&quot;);background-position: left top;background-repeat: no-repeat;padding-top:100px;padding-right:0px;padding-bottom:100px;padding-left:0px;margin-bottom: 0px;margin-top: 0px;border-width: 0px 0px 0px 0px;border-color:#eae9e9;border-style:solid;-webkit-background-size:cover;-moz-background-size:cover;-o-background-size:cover;background-size:cover;background-attachment:fixed;\" ><div class=\"fusion-builder-row fusion-row\"><div class=\"fusion-layout-column fusion_builder_column fusion-builder-column-5 fusion_builder_column_1_2 1_2 fusion-one-half fusion-column-first\" style=\"width:48%; margin-right: 4%;margin-top:0px;margin-bottom:20px;\"><div class=\"fusion-column-wrapper fusion-flex-column-wrapper-legacy\" style=\"background-position:left top;background-repeat:no-repeat;-webkit-background-size:cover;-moz-background-size:cover;-o-background-size:cover;background-size:cover;padding: 0px 0px 0px 0px;\"><div class=\"fusion-text fusion-text-5\"><h2 data-fontsize=\"48\" data-lineheight=\"60\"><span style=\"color: #ffffff;\">UNSER SPEZIALGEBIET<\/span><\/h2>\n<h3 data-fontsize=\"48\" data-lineheight=\"60\"><em><span style=\"color: #ffffff;\">Das Spezialgebiet sind exklusive Luxuswohnungen<\/span><\/em><\/h3>\n<\/div><div class=\"fusion-sep-clear\"><\/div><div class=\"fusion-separator fusion-full-width-sep\" style=\"margin-left: auto;margin-right: auto;margin-top:60px;width:100%;\"><\/div><div class=\"fusion-sep-clear\"><\/div><div class=\"fusion-text fusion-text-6\"><p><span style=\"color: #ffffff;\">Haupts\u00e4chlich werden die Projekte in Madrid, Palma de Mallorca, Miami und Dubai entwickelt. Die modernen Konstruktionen bleiben gegen\u00fcber der Avantgarde zeitlos.<\/span><\/p>\n<\/div><div class=\"fusion-clearfix\"><\/div><\/div><\/div><div class=\"fusion-layout-column fusion_builder_column fusion-builder-column-6 fusion_builder_column_1_2 1_2 fusion-one-half fusion-column-last\" style=\"width:48%;margin-top:0px;margin-bottom:20px;\"><div class=\"fusion-column-wrapper fusion-flex-column-wrapper-legacy\" style=\"background-position:left top;background-repeat:no-repeat;-webkit-background-size:cover;-moz-background-size:cover;-o-background-size:cover;background-size:cover;padding: 0px 0px 0px 0px;\"><span class=\" fusion-imageframe imageframe-none imageframe-2 hover-type-zoomin fusion-animated\" data-animationType=\"fadeInDown\" data-animationDuration=\"1\" data-animationOffset=\"top-into-view\"><a href=\"https:\/\/archtechmallorca.com\/wp-content\/uploads\/2015\/02\/01.jpg\" class=\"fusion-lightbox\" data-rel=\"iLightbox[c52b186380a60a8e01f]\" data-title=\"01\" title=\"01\"><img decoding=\"async\" width=\"1264\" height=\"750\" src=\"https:\/\/archtechmallorca.com\/wp-content\/uploads\/2015\/02\/01.jpg\" class=\"img-responsive wp-image-13936\" srcset=\"https:\/\/archtechmallorca.com\/wp-content\/uploads\/2015\/02\/01-300x178.jpg 300w, https:\/\/archtechmallorca.com\/wp-content\/uploads\/2015\/02\/01-768x456.jpg 768w, https:\/\/archtechmallorca.com\/wp-content\/uploads\/2015\/02\/01-1024x608.jpg 1024w, https:\/\/archtechmallorca.com\/wp-content\/uploads\/2015\/02\/01.jpg 1264w\" sizes=\"(max-width: 1264px) 100vw, 1264px\" \/><\/a><\/span><div class=\"fusion-clearfix\"><\/div><\/div><\/div><\/div><\/div><\/p>\n","protected":false},"excerpt":{"rendered":"","protected":false},"author":5,"featured_media":0,"parent":0,"menu_order":0,"comment_status":"closed","ping_status":"closed","template":"100-width.php","meta":{"footnotes":""},"acf":[],"yoast_head":"<!-- This site is optimized with the Yoast SEO plugin v18.9 - https:\/\/yoast.com\/wordpress\/plugins\/seo\/ -->\n<title>Studio - Archtech<\/title>\n<meta name=\"robots\" content=\"index, follow, max-snippet:-1, max-image-preview:large, max-video-preview:-1\" \/>\n<link rel=\"canonical\" href=\"https:\/\/archtechmallorca.com\/de\/estudio-3\/\" \/>\n<meta property=\"og:locale\" content=\"de_DE\" \/>\n<meta property=\"og:type\" content=\"article\" \/>\n<meta property=\"og:title\" content=\"Studio - Archtech\" \/>\n<meta property=\"og:url\" content=\"https:\/\/archtechmallorca.com\/de\/estudio-3\/\" \/>\n<meta property=\"og:site_name\" content=\"Archtech\" \/>\n<meta property=\"article:modified_time\" content=\"2021-09-22T14:44:08+00:00\" \/>\n<meta property=\"og:image\" content=\"https:\/\/archtechmallorca.com\/wp-content\/uploads\/2015\/02\/1.jpg\" \/>\n<meta name=\"twitter:card\" content=\"summary\" \/>\n<meta name=\"twitter:label1\" content=\"Gesch\u00e4tzte Lesezeit\" \/>\n\t<meta name=\"twitter:data1\" content=\"6 Minuten\" \/>\n<script type=\"application\/ld+json\" class=\"yoast-schema-graph\">{\"@context\":\"https:\/\/schema.org\",\"@graph\":[{\"@type\":\"WebSite\",\"@id\":\"https:\/\/archtechmallorca.com\/#website\",\"url\":\"https:\/\/archtechmallorca.com\/\",\"name\":\"Archtech\",\"description\":\"ARCHITECTURE | ENGINEERING\",\"potentialAction\":[{\"@type\":\"SearchAction\",\"target\":{\"@type\":\"EntryPoint\",\"urlTemplate\":\"https:\/\/archtechmallorca.com\/?s={search_term_string}\"},\"query-input\":\"required name=search_term_string\"}],\"inLanguage\":\"de-DE\"},{\"@type\":\"ImageObject\",\"inLanguage\":\"de-DE\",\"@id\":\"https:\/\/archtechmallorca.com\/de\/estudio-3\/#primaryimage\",\"url\":\"https:\/\/archtechmallorca.com\/wp-content\/uploads\/2015\/02\/1.jpg\",\"contentUrl\":\"https:\/\/archtechmallorca.com\/wp-content\/uploads\/2015\/02\/1.jpg\",\"width\":800,\"height\":532},{\"@type\":\"WebPage\",\"@id\":\"https:\/\/archtechmallorca.com\/de\/estudio-3\/#webpage\",\"url\":\"https:\/\/archtechmallorca.com\/de\/estudio-3\/\",\"name\":\"Studio - Archtech\",\"isPartOf\":{\"@id\":\"https:\/\/archtechmallorca.com\/#website\"},\"primaryImageOfPage\":{\"@id\":\"https:\/\/archtechmallorca.com\/de\/estudio-3\/#primaryimage\"},\"datePublished\":\"2016-11-23T09:25:58+00:00\",\"dateModified\":\"2021-09-22T14:44:08+00:00\",\"breadcrumb\":{\"@id\":\"https:\/\/archtechmallorca.com\/de\/estudio-3\/#breadcrumb\"},\"inLanguage\":\"de-DE\",\"potentialAction\":[{\"@type\":\"ReadAction\",\"target\":[\"https:\/\/archtechmallorca.com\/de\/estudio-3\/\"]}]},{\"@type\":\"BreadcrumbList\",\"@id\":\"https:\/\/archtechmallorca.com\/de\/estudio-3\/#breadcrumb\",\"itemListElement\":[{\"@type\":\"ListItem\",\"position\":1,\"name\":\"Home\",\"item\":\"https:\/\/archtechmallorca.com\/de\/\"},{\"@type\":\"ListItem\",\"position\":2,\"name\":\"Studio\"}]}]}<\/script>\n<!-- \/ Yoast SEO plugin. -->","yoast_head_json":{"title":"Studio - Archtech","robots":{"index":"index","follow":"follow","max-snippet":"max-snippet:-1","max-image-preview":"max-image-preview:large","max-video-preview":"max-video-preview:-1"},"canonical":"https:\/\/archtechmallorca.com\/de\/estudio-3\/","og_locale":"de_DE","og_type":"article","og_title":"Studio - Archtech","og_url":"https:\/\/archtechmallorca.com\/de\/estudio-3\/","og_site_name":"Archtech","article_modified_time":"2021-09-22T14:44:08+00:00","og_image":[{"url":"https:\/\/archtechmallorca.com\/wp-content\/uploads\/2015\/02\/1.jpg"}],"twitter_card":"summary","twitter_misc":{"Gesch\u00e4tzte Lesezeit":"6 Minuten"},"schema":{"@context":"https:\/\/schema.org","@graph":[{"@type":"WebSite","@id":"https:\/\/archtechmallorca.com\/#website","url":"https:\/\/archtechmallorca.com\/","name":"Archtech","description":"ARCHITECTURE | ENGINEERING","potentialAction":[{"@type":"SearchAction","target":{"@type":"EntryPoint","urlTemplate":"https:\/\/archtechmallorca.com\/?s={search_term_string}"},"query-input":"required name=search_term_string"}],"inLanguage":"de-DE"},{"@type":"ImageObject","inLanguage":"de-DE","@id":"https:\/\/archtechmallorca.com\/de\/estudio-3\/#primaryimage","url":"https:\/\/archtechmallorca.com\/wp-content\/uploads\/2015\/02\/1.jpg","contentUrl":"https:\/\/archtechmallorca.com\/wp-content\/uploads\/2015\/02\/1.jpg","width":800,"height":532},{"@type":"WebPage","@id":"https:\/\/archtechmallorca.com\/de\/estudio-3\/#webpage","url":"https:\/\/archtechmallorca.com\/de\/estudio-3\/","name":"Studio - Archtech","isPartOf":{"@id":"https:\/\/archtechmallorca.com\/#website"},"primaryImageOfPage":{"@id":"https:\/\/archtechmallorca.com\/de\/estudio-3\/#primaryimage"},"datePublished":"2016-11-23T09:25:58+00:00","dateModified":"2021-09-22T14:44:08+00:00","breadcrumb":{"@id":"https:\/\/archtechmallorca.com\/de\/estudio-3\/#breadcrumb"},"inLanguage":"de-DE","potentialAction":[{"@type":"ReadAction","target":["https:\/\/archtechmallorca.com\/de\/estudio-3\/"]}]},{"@type":"BreadcrumbList","@id":"https:\/\/archtechmallorca.com\/de\/estudio-3\/#breadcrumb","itemListElement":[{"@type":"ListItem","position":1,"name":"Home","item":"https:\/\/archtechmallorca.com\/de\/"},{"@type":"ListItem","position":2,"name":"Studio"}]}]}},"_links":{"self":[{"href":"https:\/\/archtechmallorca.com\/de\/wp-json\/wp\/v2\/pages\/15042"}],"collection":[{"href":"https:\/\/archtechmallorca.com\/de\/wp-json\/wp\/v2\/pages"}],"about":[{"href":"https:\/\/archtechmallorca.com\/de\/wp-json\/wp\/v2\/types\/page"}],"author":[{"embeddable":true,"href":"https:\/\/archtechmallorca.com\/de\/wp-json\/wp\/v2\/users\/5"}],"replies":[{"embeddable":true,"href":"https:\/\/archtechmallorca.com\/de\/wp-json\/wp\/v2\/comments?post=15042"}],"version-history":[{"count":6,"href":"https:\/\/archtechmallorca.com\/de\/wp-json\/wp\/v2\/pages\/15042\/revisions"}],"predecessor-version":[{"id":15600,"href":"https:\/\/archtechmallorca.com\/de\/wp-json\/wp\/v2\/pages\/15042\/revisions\/15600"}],"wp:attachment":[{"href":"https:\/\/archtechmallorca.com\/de\/wp-json\/wp\/v2\/media?parent=15042"}],"curies":[{"name":"wp","href":"https:\/\/api.w.org\/{rel}","templated":true}]}}