{"id":11646,"date":"2015-02-10T19:21:19","date_gmt":"2015-02-10T19:21:19","guid":{"rendered":"http:\/\/theme-fusion.com\/avada_demos\/architecture\/?page_id=9"},"modified":"2021-09-22T14:44:13","modified_gmt":"2021-09-22T14:44:13","slug":"estudio","status":"publish","type":"page","link":"https:\/\/archtechmallorca.com\/es\/estudio\/","title":{"rendered":"Estudio"},"content":{"rendered":"<p><div class=\"fusion-fullwidth fullwidth-box fusion-builder-row-1 nonhundred-percent-fullwidth non-hundred-percent-height-scrolling\" style=\"background-color: rgba(255,255,255,0);background-position: left top;background-repeat: no-repeat;padding-top:50px;padding-right:0px;padding-bottom:50px;padding-left:0px;margin-bottom: 0px;margin-top: 0px;border-width: 0px 0px 0px 0px;border-color:#eae9e9;border-style:solid;\" ><div class=\"fusion-builder-row fusion-row\"><div class=\"fusion-layout-column fusion_builder_column fusion-builder-column-0 fusion_builder_column_1_2 1_2 fusion-one-half fusion-column-first\" style=\"width:48%; margin-right: 4%;margin-top:0px;margin-bottom:20px;\"><div class=\"fusion-column-wrapper fusion-flex-column-wrapper-legacy\" style=\"background-position:left top;background-repeat:no-repeat;-webkit-background-size:cover;-moz-background-size:cover;-o-background-size:cover;background-size:cover;padding: 0px 0px 0px 0px;\"><div class=\"fusion-text fusion-text-1\"><h2 data-fontsize=\"48\" data-lineheight=\"60\">M\u00c1S DE 40 A\u00d1OS DE EXPERIENCIA<\/h2>\n<p>ArchTech Mallorca S.L es un estudio de arquitectura fundado y dirigido por D. Jos\u00e9 \u00c1ngel Su\u00e1rez Gonz\u00e1lez-Mayo, prestigioso arquitecto con m\u00e1s de cuarenta a\u00f1os de experiencia profesional, y por D. Aramis Su\u00e1rez Ferrer, ingeniero y eje fundamental del estudio. Apasionados del arte, sus reflexiones sobre la belleza de las formas, los espacios y la luz, han conseguido que este estudio sea referente de vanguardia y creatividad con un estilo muy personal, exclusivo y contempor\u00e1neo.<\/p>\n<\/div><div class=\"fusion-clearfix\"><\/div><\/div><\/div><div class=\"fusion-layout-column fusion_builder_column fusion-builder-column-1 fusion_builder_column_1_2 1_2 fusion-one-half fusion-column-last\" style=\"width:48%;margin-top:0px;margin-bottom:20px;\"><div class=\"fusion-column-wrapper fusion-flex-column-wrapper-legacy\" style=\"background-position:left top;background-repeat:no-repeat;-webkit-background-size:cover;-moz-background-size:cover;-o-background-size:cover;background-size:cover;padding: 0px 0px 0px 0px;\"><div class=\"fusion-slider-sc fusion-flexslider-loading flexslider flexslider-hover-type-none\" data-slideshow_autoplay=\"1\" data-slideshow_smooth_height=\"1\" data-slideshow_speed=\"4000\" style=\"max-width:100%;height:100%;\"><ul class=\"slides\"><li class=\"image\"><span class=\"fusion-image-hover-element hover-type-none\"><img decoding=\"async\" src=\"https:\/\/archtechmallorca.com\/wp-content\/uploads\/2015\/02\/IMG_0199.jpg\" width=\"3456\" height=\"2304\" \/><\/span><\/li><li class=\"image\"><span class=\"fusion-image-hover-element hover-type-none\"><img decoding=\"async\" src=\"https:\/\/archtechmallorca.com\/wp-content\/uploads\/2015\/02\/IMG_0214.jpg\" width=\"3456\" height=\"2304\" \/><\/span><\/li><li class=\"image\"><span class=\"fusion-image-hover-element hover-type-none\"><img decoding=\"async\" src=\"https:\/\/archtechmallorca.com\/wp-content\/uploads\/2015\/02\/b-Bloque1-recortar.jpg\" width=\"2000\" height=\"1335\" \/><\/span><\/li><li class=\"image\"><span class=\"fusion-image-hover-element hover-type-none\"><img decoding=\"async\" src=\"https:\/\/archtechmallorca.com\/wp-content\/uploads\/2015\/02\/Artech1353.jpg\" width=\"800\" height=\"534\" \/><\/span><\/li><\/ul><\/div><div class=\"fusion-clearfix\"><\/div><\/div><\/div><\/div><\/div><div class=\"fusion-fullwidth fullwidth-box fusion-builder-row-2 fusion-parallax-fixed nonhundred-percent-fullwidth non-hundred-percent-height-scrolling\" style=\"background-color: rgba(255,255,255,0);background-image: url(&quot;https:\/\/archtechmallorca.com\/wp-content\/uploads\/2015\/02\/img-de-fondo-bloque-2.jpg&quot;);background-position: left top;background-repeat: no-repeat;padding-top:50px;padding-right:0px;padding-bottom:50px;padding-left:0px;margin-bottom: 0px;margin-top: 0px;border-width: 0px 0px 0px 0px;border-color:#eae9e9;border-style:solid;-webkit-background-size:cover;-moz-background-size:cover;-o-background-size:cover;background-size:cover;background-attachment:fixed;\" ><div class=\"fusion-builder-row fusion-row\"><div class=\"fusion-layout-column fusion_builder_column fusion-builder-column-2 fusion_builder_column_1_1 1_1 fusion-one-full fusion-column-first fusion-column-last fusion-column-no-min-height\" style=\"margin-top:0px;margin-bottom:0px;\"><div class=\"fusion-column-wrapper fusion-flex-column-wrapper-legacy\" style=\"background-position:left top;background-repeat:no-repeat;-webkit-background-size:cover;-moz-background-size:cover;-o-background-size:cover;background-size:cover;padding: 0px 0px 0px 0px;\"><div class=\"fusion-text fusion-text-2\"><h2 style=\"color: #ffffff;\" data-fontsize=\"48\" data-lineheight=\"60\">SERVICIO 360\u00ba<\/h2>\n<p style=\"color: #ffffff;\">Una empresa 360\u00ba que engloba arquitectura, dise\u00f1o, urbanismo, ingenier\u00eda, edificaci\u00f3n, arquitectura t\u00e9cnica, interiorismo y paisajismo que le permite controlar el proceso total de una obra desde su desarrollo econ\u00f3mico inicial hasta su completa creaci\u00f3n, un servicio integro de todo el proyecto.<\/p>\n<p style=\"color: #ffffff;\">As\u00ed mismo, su larga trayectoria y conocimientos profesionales han permitido desarrollarse con \u00e9xito en el campo de la promoci\u00f3n inmobiliaria.<\/p>\n<\/div><div class=\"fusion-clearfix\"><\/div><\/div><\/div><\/div><\/div><div class=\"fusion-fullwidth fullwidth-box fusion-builder-row-3 nonhundred-percent-fullwidth non-hundred-percent-height-scrolling\" style=\"background-color: rgba(255,255,255,0);background-position: left top;background-repeat: no-repeat;padding-top:80px;padding-right:0px;padding-bottom:40px;padding-left:0px;margin-bottom: 0px;margin-top: 0px;border-width: 0px 0px 0px 0px;border-color:#eae9e9;border-style:solid;\" ><div class=\"fusion-builder-row fusion-row\"><div class=\"fusion-layout-column fusion_builder_column fusion-builder-column-3 fusion_builder_column_1_2 1_2 fusion-one-half fusion-column-first\" style=\"width:48%; margin-right: 4%;margin-top:0px;margin-bottom:0px;\"><div class=\"fusion-column-wrapper fusion-flex-column-wrapper-legacy\" style=\"background-position:right center;background-repeat:no-repeat;-webkit-background-size:cover;-moz-background-size:cover;-o-background-size:cover;background-size:cover;padding: 10px;\"><div class=\"fusion-text fusion-text-3\"><h2 data-fontsize=\"48\" data-lineheight=\"60\">Jos\u00e9 \u00c1ngel Su\u00e1rez Gonz\u00e1lez-Mayo<\/h2>\n<\/div><div class=\"fusion-text fusion-text-4\"><h3><em>\u00abCada proyecto es un nuevo reto con el que proponemos soluciones arquitect\u00f3nicas a las exigencias de nuestros clientes. Un proceso innovador en el que experimentamos con los dise\u00f1os m\u00e1s atrevidos y para el que utilizamos las \u00faltimas tecnolog\u00edas y materiales del mercado.\u00bb<\/em><\/h3>\n<\/div><div class=\"fusion-clearfix\"><\/div><\/div><\/div><div class=\"fusion-layout-column fusion_builder_column fusion-builder-column-4 fusion_builder_column_1_2 1_2 fusion-one-half fusion-column-last\" style=\"width:48%;margin-top:0px;margin-bottom:100px;\"><div class=\"fusion-column-wrapper fusion-flex-column-wrapper-legacy\" style=\"background-position:left top;background-repeat:no-repeat;-webkit-background-size:cover;-moz-background-size:cover;-o-background-size:cover;background-size:cover;padding: 0px 0px 0px 0px;\"><span class=\" fusion-imageframe imageframe-none imageframe-1 hover-type-zoomin fusion-animated\" data-animationType=\"fadeInDown\" data-animationDuration=\"1\" data-animationOffset=\"top-into-view\"><a href=\"https:\/\/archtechmallorca.com\/wp-content\/uploads\/2015\/02\/1.jpg\" class=\"fusion-lightbox\" data-rel=\"iLightbox[d69cc20550b071c6b5e]\" data-title=\"1\" title=\"1\"><img decoding=\"async\" width=\"800\" height=\"532\" src=\"https:\/\/archtechmallorca.com\/wp-content\/uploads\/2015\/02\/1.jpg\" class=\"img-responsive wp-image-13209\" srcset=\"https:\/\/archtechmallorca.com\/wp-content\/uploads\/2015\/02\/1-300x200.jpg 300w, https:\/\/archtechmallorca.com\/wp-content\/uploads\/2015\/02\/1-768x511.jpg 768w, https:\/\/archtechmallorca.com\/wp-content\/uploads\/2015\/02\/1.jpg 800w\" sizes=\"(max-width: 800px) 100vw, 800px\" \/><\/a><\/span><div class=\"fusion-clearfix\"><\/div><\/div><\/div><\/div><\/div><div class=\"fusion-fullwidth fullwidth-box fusion-builder-row-4 fusion-parallax-fixed nonhundred-percent-fullwidth non-hundred-percent-height-scrolling\" style=\"background-color: rgba(255,255,255,0);background-image: url(&quot;https:\/\/archtechmallorca.com\/wp-content\/uploads\/2015\/02\/02.jpg&quot;);background-position: left top;background-repeat: no-repeat;padding-top:100px;padding-right:0px;padding-bottom:100px;padding-left:0px;margin-bottom: 0px;margin-top: 0px;border-width: 0px 0px 0px 0px;border-color:#eae9e9;border-style:solid;-webkit-background-size:cover;-moz-background-size:cover;-o-background-size:cover;background-size:cover;background-attachment:fixed;\" ><div class=\"fusion-builder-row fusion-row\"><div class=\"fusion-layout-column fusion_builder_column fusion-builder-column-5 fusion_builder_column_1_2 1_2 fusion-one-half fusion-column-first\" style=\"width:48%; margin-right: 4%;margin-top:0px;margin-bottom:20px;\"><div class=\"fusion-column-wrapper fusion-flex-column-wrapper-legacy\" style=\"background-position:left top;background-repeat:no-repeat;-webkit-background-size:cover;-moz-background-size:cover;-o-background-size:cover;background-size:cover;padding: 0px 0px 0px 0px;\"><div class=\"fusion-text fusion-text-5\"><h2 data-fontsize=\"48\" data-lineheight=\"60\"><span style=\"color: #ffffff;\">NUESTRA ESPECIALIZACI\u00d3N<\/span><\/h2>\n<h3><span style=\"color: #ffffff;\"><em>Especializados en vivienda residencial exclusiva de lujo.<\/em><\/span><\/h3>\n<\/div><div class=\"fusion-sep-clear\"><\/div><div class=\"fusion-separator fusion-full-width-sep\" style=\"margin-left: auto;margin-right: auto;margin-top:60px;width:100%;\"><\/div><div class=\"fusion-sep-clear\"><\/div><div class=\"fusion-text fusion-text-6\"><p><span style=\"color: #ffffff;\">Desarrolla sus trabajos principalmente en ciudades como Madrid, Palma de Mallorca, Miami y Dubai, en las que ha dejado constancia de su saber hacer con sus modernas construcciones que permanecen atemporales frente a la vanguardia.<br \/>\n<\/span><\/p>\n<\/div><div class=\"fusion-clearfix\"><\/div><\/div><\/div><div class=\"fusion-layout-column fusion_builder_column fusion-builder-column-6 fusion_builder_column_1_2 1_2 fusion-one-half fusion-column-last\" style=\"width:48%;margin-top:0px;margin-bottom:20px;\"><div class=\"fusion-column-wrapper fusion-flex-column-wrapper-legacy\" style=\"background-position:left top;background-repeat:no-repeat;-webkit-background-size:cover;-moz-background-size:cover;-o-background-size:cover;background-size:cover;padding: 0px 0px 0px 0px;\"><span class=\" fusion-imageframe imageframe-none imageframe-2 hover-type-zoomin fusion-animated\" data-animationType=\"fadeInDown\" data-animationDuration=\"1\" data-animationOffset=\"top-into-view\"><a href=\"https:\/\/archtechmallorca.com\/wp-content\/uploads\/2015\/02\/01.jpg\" class=\"fusion-lightbox\" data-rel=\"iLightbox[c52b186380a60a8e01f]\" data-title=\"01\" title=\"01\"><img decoding=\"async\" width=\"1264\" height=\"750\" src=\"https:\/\/archtechmallorca.com\/wp-content\/uploads\/2015\/02\/01.jpg\" class=\"img-responsive wp-image-13934\" srcset=\"https:\/\/archtechmallorca.com\/wp-content\/uploads\/2015\/02\/01-300x178.jpg 300w, https:\/\/archtechmallorca.com\/wp-content\/uploads\/2015\/02\/01-768x456.jpg 768w, https:\/\/archtechmallorca.com\/wp-content\/uploads\/2015\/02\/01-1024x608.jpg 1024w, https:\/\/archtechmallorca.com\/wp-content\/uploads\/2015\/02\/01.jpg 1264w\" sizes=\"(max-width: 1264px) 100vw, 1264px\" \/><\/a><\/span><div class=\"fusion-clearfix\"><\/div><\/div><\/div><\/div><\/div><\/p>\n","protected":false},"excerpt":{"rendered":"","protected":false},"author":5,"featured_media":0,"parent":0,"menu_order":0,"comment_status":"closed","ping_status":"closed","template":"100-width.php","meta":{"footnotes":""},"acf":[],"yoast_head":"<!-- This site is optimized with the Yoast SEO plugin v18.9 - https:\/\/yoast.com\/wordpress\/plugins\/seo\/ -->\n<title>Estudio - Archtech<\/title>\n<meta name=\"robots\" content=\"index, follow, max-snippet:-1, max-image-preview:large, max-video-preview:-1\" \/>\n<link rel=\"canonical\" href=\"https:\/\/archtechmallorca.com\/es\/estudio\/\" \/>\n<meta property=\"og:locale\" content=\"es_ES\" \/>\n<meta property=\"og:type\" content=\"article\" \/>\n<meta property=\"og:title\" content=\"Estudio - Archtech\" \/>\n<meta property=\"og:url\" content=\"https:\/\/archtechmallorca.com\/es\/estudio\/\" \/>\n<meta property=\"og:site_name\" content=\"Archtech\" \/>\n<meta property=\"article:modified_time\" content=\"2021-09-22T14:44:13+00:00\" \/>\n<meta property=\"og:image\" content=\"https:\/\/archtechmallorca.com\/wp-content\/uploads\/2015\/02\/1.jpg\" \/>\n<meta name=\"twitter:card\" content=\"summary\" \/>\n<meta name=\"twitter:label1\" content=\"Tiempo de lectura\" \/>\n\t<meta name=\"twitter:data1\" content=\"6 minutos\" \/>\n<script type=\"application\/ld+json\" class=\"yoast-schema-graph\">{\"@context\":\"https:\/\/schema.org\",\"@graph\":[{\"@type\":\"WebSite\",\"@id\":\"https:\/\/archtechmallorca.com\/#website\",\"url\":\"https:\/\/archtechmallorca.com\/\",\"name\":\"Archtech\",\"description\":\"ARCHITECTURE | ENGINEERING\",\"potentialAction\":[{\"@type\":\"SearchAction\",\"target\":{\"@type\":\"EntryPoint\",\"urlTemplate\":\"https:\/\/archtechmallorca.com\/?s={search_term_string}\"},\"query-input\":\"required name=search_term_string\"}],\"inLanguage\":\"es\"},{\"@type\":\"ImageObject\",\"inLanguage\":\"es\",\"@id\":\"https:\/\/archtechmallorca.com\/es\/estudio\/#primaryimage\",\"url\":\"https:\/\/archtechmallorca.com\/wp-content\/uploads\/2015\/02\/1.jpg\",\"contentUrl\":\"https:\/\/archtechmallorca.com\/wp-content\/uploads\/2015\/02\/1.jpg\",\"width\":800,\"height\":532},{\"@type\":\"WebPage\",\"@id\":\"https:\/\/archtechmallorca.com\/es\/estudio\/#webpage\",\"url\":\"https:\/\/archtechmallorca.com\/es\/estudio\/\",\"name\":\"Estudio - Archtech\",\"isPartOf\":{\"@id\":\"https:\/\/archtechmallorca.com\/#website\"},\"primaryImageOfPage\":{\"@id\":\"https:\/\/archtechmallorca.com\/es\/estudio\/#primaryimage\"},\"datePublished\":\"2015-02-10T19:21:19+00:00\",\"dateModified\":\"2021-09-22T14:44:13+00:00\",\"breadcrumb\":{\"@id\":\"https:\/\/archtechmallorca.com\/es\/estudio\/#breadcrumb\"},\"inLanguage\":\"es\",\"potentialAction\":[{\"@type\":\"ReadAction\",\"target\":[\"https:\/\/archtechmallorca.com\/es\/estudio\/\"]}]},{\"@type\":\"BreadcrumbList\",\"@id\":\"https:\/\/archtechmallorca.com\/es\/estudio\/#breadcrumb\",\"itemListElement\":[{\"@type\":\"ListItem\",\"position\":1,\"name\":\"Home\",\"item\":\"https:\/\/archtechmallorca.com\/es\/\"},{\"@type\":\"ListItem\",\"position\":2,\"name\":\"Estudio\"}]}]}<\/script>\n<!-- \/ Yoast SEO plugin. -->","yoast_head_json":{"title":"Estudio - Archtech","robots":{"index":"index","follow":"follow","max-snippet":"max-snippet:-1","max-image-preview":"max-image-preview:large","max-video-preview":"max-video-preview:-1"},"canonical":"https:\/\/archtechmallorca.com\/es\/estudio\/","og_locale":"es_ES","og_type":"article","og_title":"Estudio - Archtech","og_url":"https:\/\/archtechmallorca.com\/es\/estudio\/","og_site_name":"Archtech","article_modified_time":"2021-09-22T14:44:13+00:00","og_image":[{"url":"https:\/\/archtechmallorca.com\/wp-content\/uploads\/2015\/02\/1.jpg"}],"twitter_card":"summary","twitter_misc":{"Tiempo de lectura":"6 minutos"},"schema":{"@context":"https:\/\/schema.org","@graph":[{"@type":"WebSite","@id":"https:\/\/archtechmallorca.com\/#website","url":"https:\/\/archtechmallorca.com\/","name":"Archtech","description":"ARCHITECTURE | ENGINEERING","potentialAction":[{"@type":"SearchAction","target":{"@type":"EntryPoint","urlTemplate":"https:\/\/archtechmallorca.com\/?s={search_term_string}"},"query-input":"required name=search_term_string"}],"inLanguage":"es"},{"@type":"ImageObject","inLanguage":"es","@id":"https:\/\/archtechmallorca.com\/es\/estudio\/#primaryimage","url":"https:\/\/archtechmallorca.com\/wp-content\/uploads\/2015\/02\/1.jpg","contentUrl":"https:\/\/archtechmallorca.com\/wp-content\/uploads\/2015\/02\/1.jpg","width":800,"height":532},{"@type":"WebPage","@id":"https:\/\/archtechmallorca.com\/es\/estudio\/#webpage","url":"https:\/\/archtechmallorca.com\/es\/estudio\/","name":"Estudio - Archtech","isPartOf":{"@id":"https:\/\/archtechmallorca.com\/#website"},"primaryImageOfPage":{"@id":"https:\/\/archtechmallorca.com\/es\/estudio\/#primaryimage"},"datePublished":"2015-02-10T19:21:19+00:00","dateModified":"2021-09-22T14:44:13+00:00","breadcrumb":{"@id":"https:\/\/archtechmallorca.com\/es\/estudio\/#breadcrumb"},"inLanguage":"es","potentialAction":[{"@type":"ReadAction","target":["https:\/\/archtechmallorca.com\/es\/estudio\/"]}]},{"@type":"BreadcrumbList","@id":"https:\/\/archtechmallorca.com\/es\/estudio\/#breadcrumb","itemListElement":[{"@type":"ListItem","position":1,"name":"Home","item":"https:\/\/archtechmallorca.com\/es\/"},{"@type":"ListItem","position":2,"name":"Estudio"}]}]}},"_links":{"self":[{"href":"https:\/\/archtechmallorca.com\/es\/wp-json\/wp\/v2\/pages\/11646"}],"collection":[{"href":"https:\/\/archtechmallorca.com\/es\/wp-json\/wp\/v2\/pages"}],"about":[{"href":"https:\/\/archtechmallorca.com\/es\/wp-json\/wp\/v2\/types\/page"}],"author":[{"embeddable":true,"href":"https:\/\/archtechmallorca.com\/es\/wp-json\/wp\/v2\/users\/5"}],"replies":[{"embeddable":true,"href":"https:\/\/archtechmallorca.com\/es\/wp-json\/wp\/v2\/comments?post=11646"}],"version-history":[{"count":78,"href":"https:\/\/archtechmallorca.com\/es\/wp-json\/wp\/v2\/pages\/11646\/revisions"}],"predecessor-version":[{"id":15687,"href":"https:\/\/archtechmallorca.com\/es\/wp-json\/wp\/v2\/pages\/11646\/revisions\/15687"}],"wp:attachment":[{"href":"https:\/\/archtechmallorca.com\/es\/wp-json\/wp\/v2\/media?parent=11646"}],"curies":[{"name":"wp","href":"https:\/\/api.w.org\/{rel}","templated":true}]}}