{"id":14508,"date":"2016-06-08T10:16:46","date_gmt":"2016-06-08T10:16:46","guid":{"rendered":"https:\/\/archtechmallorca.com\/?page_id=14508"},"modified":"2021-09-22T14:44:12","modified_gmt":"2021-09-22T14:44:12","slug":"jardineria-paisajismo","status":"publish","type":"page","link":"https:\/\/archtechmallorca.com\/es\/servicios\/jardineria-paisajismo\/","title":{"rendered":"Jardiner\u00eda \/ Paisajismo"},"content":{"rendered":"<p><div class=\"fusion-fullwidth fullwidth-box fusion-builder-row-1 fusion-parallax-fixed nonhundred-percent-fullwidth non-hundred-percent-height-scrolling\" style=\"background-color: rgba(255,255,255,0);background-image: url(&quot;https:\/\/archtechmallorca.com\/wp-content\/uploads\/2015\/07\/servicios5.jpg&quot;);background-position: left top;background-repeat: no-repeat;padding-top:150px;padding-right:0px;padding-bottom:150px;padding-left:0px;margin-bottom: 0px;margin-top: 0px;border-width: 0px 0px 0px 0px;border-color:#eae9e9;border-style:solid;-webkit-background-size:cover;-moz-background-size:cover;-o-background-size:cover;background-size:cover;background-attachment:fixed;\" ><div class=\"fusion-builder-row fusion-row\"><div class=\"fusion-layout-column fusion_builder_column fusion-builder-column-0 fusion_builder_column_1_2 1_2 fusion-one-half fusion-column-first\" style=\"width:48%; margin-right: 4%;margin-top:0px;margin-bottom:20px;\"><div class=\"fusion-column-wrapper fusion-flex-column-wrapper-legacy\" style=\"background-position:left top;background-repeat:no-repeat;-webkit-background-size:cover;-moz-background-size:cover;-o-background-size:cover;background-size:cover;padding: 0px 0px 0px 0px;\"><div class=\"fusion-sep-clear\"><\/div><div class=\"fusion-separator fusion-full-width-sep\" style=\"margin-left: auto;margin-right: auto;margin-top:20px;width:100%;\"><\/div><div class=\"fusion-sep-clear\"><\/div><div class=\"fusion-text fusion-text-1\"><h2><span style=\"color: #ffffff;\">JARDINER\u00cdA \/ PAISAJISMO<\/span><\/h2>\n<\/div><div class=\"fusion-sep-clear\"><\/div><div class=\"fusion-separator fusion-full-width-sep\" style=\"margin-left: auto;margin-right: auto;margin-top:20px;width:100%;\"><\/div><div class=\"fusion-sep-clear\"><\/div><div class=\"fusion-text fusion-text-2\"><h3><span style=\"color: #ffffff;\">Nuestro equipo integrado por paisajistas, arquitectos e ingenieros, cuidan tanto el dise\u00f1o de exteriores como de interiores, creando un espacio exterior en armon\u00eda con la vivienda y su entorno.<\/span><\/h3>\n<\/div><div class=\"fusion-sep-clear\"><\/div><div class=\"fusion-separator fusion-full-width-sep\" style=\"margin-left: auto;margin-right: auto;margin-top:20px;width:100%;\"><\/div><div class=\"fusion-sep-clear\"><\/div><div class=\"fusion-clearfix\"><\/div><\/div><\/div><\/div><\/div><div class=\"fusion-fullwidth fullwidth-box fusion-builder-row-2 nonhundred-percent-fullwidth non-hundred-percent-height-scrolling\" style=\"background-color: rgba(255,255,255,0);background-position: left top;background-repeat: no-repeat;padding-top:100px;padding-right:0px;padding-bottom:20px;padding-left:0px;margin-bottom: 0px;margin-top: 0px;border-width: 0px 0px 0px 0px;border-color:#eae9e9;border-style:solid;\" ><div class=\"fusion-builder-row fusion-row\"><div class=\"fusion-layout-column fusion_builder_column fusion-builder-column-1 fusion_builder_column_1_2 1_2 fusion-one-half fusion-column-first\" style=\"width:48%; margin-right: 4%;margin-top:0px;margin-bottom:20px;\"><div class=\"fusion-column-wrapper fusion-flex-column-wrapper-legacy\" style=\"background-position:left top;background-repeat:no-repeat;-webkit-background-size:cover;-moz-background-size:cover;-o-background-size:cover;background-size:cover;padding: 0px 0px 0px 0px;\"><div class=\"fusion-text fusion-text-3\"><h2 style=\"color: #000000;\">JARDINER\u00cdA \/ PAISAJISMO<\/h2>\n<\/div><div class=\"fusion-sep-clear\"><\/div><div class=\"fusion-separator fusion-full-width-sep fusion-clearfix\" style=\"float:left;margin-top:10px;margin-bottom:10px;width:100%;\"><div class=\"fusion-separator-border sep-single sep-solid\" style=\"border-color:#e2e3e8;border-top-width:1px;\"><\/div><\/div><div class=\"fusion-sep-clear\"><\/div><div class=\"fusion-text fusion-text-4\"><h3><em>Con su dise\u00f1o de jardines y espacios exteriores, se tiene en cuenta todas las necesidades y los complementos necesarios para crear un lugar id\u00f3neo para disfrutar al aire libre: vegetaci\u00f3n aut\u00f3ctona y plantas naturales que se adapten al clima, piscinas infinity, p\u00e9rgolas, espacios chill-out, iluminaci\u00f3n para exterior, arte y esculturas, mobiliario de diversos estilos, piedras naturales, sistemas de riegos autom\u00e1ticos, etc.<\/em><\/h3>\n<h4>Dando uso a materiales exclusivos, creamos espacios \u00fanicos en el jard\u00edn, ya sea a la hora de dise\u00f1ar una fuente, una p\u00e9rgola, un \u00e1rea de BBQ o un chill out sacamos ventaja de todo tipo de materiales e ideas, dise\u00f1ando espacios originales, \u00fanicos e irrepetibles, y creando jardines \u201ccultos\u201d mediante el uso de esculturas y obras de arte.<\/h4>\n<\/div><div class=\"fusion-clearfix\"><\/div><\/div><\/div><div class=\"fusion-layout-column fusion_builder_column fusion-builder-column-2 fusion_builder_column_1_2 1_2 fusion-one-half fusion-column-last\" style=\"width:48%;margin-top:0px;margin-bottom:20px;\"><div class=\"fusion-column-wrapper fusion-flex-column-wrapper-legacy\" style=\"background-position:left top;background-repeat:no-repeat;-webkit-background-size:cover;-moz-background-size:cover;-o-background-size:cover;background-size:cover;padding: 0px 0px 0px 0px;\"><div class=\"fusion-sep-clear\"><\/div><div class=\"fusion-separator fusion-full-width-sep\" style=\"margin-left: auto;margin-right: auto;margin-top:98px;width:100%;\"><\/div><div class=\"fusion-sep-clear\"><\/div><div class=\"fusion-slider-sc fusion-flexslider-loading flexslider flexslider-hover-type-zoomin\" data-slideshow_autoplay=\"1\" data-slideshow_smooth_height=\"1\" data-slideshow_speed=\"4000\" style=\"max-width:100%;height:100%;\"><ul class=\"slides\"><li class=\"image\"><span class=\"fusion-image-hover-element hover-type-zoomin\"><img decoding=\"async\" src=\"https:\/\/archtechmallorca.com\/wp-content\/uploads\/2016\/06\/16-Artech1043ret.jpg\" width=\"2957\" height=\"1869\" \/><\/span><\/li><li class=\"image\"><span class=\"fusion-image-hover-element hover-type-zoomin\"><img decoding=\"async\" src=\"https:\/\/archtechmallorca.com\/wp-content\/uploads\/2015\/07\/bloque-5-izq.jpg\" width=\"2997\" height=\"2000\" \/><\/span><\/li><li class=\"image\"><span class=\"fusion-image-hover-element hover-type-zoomin\"><img decoding=\"async\" src=\"https:\/\/archtechmallorca.com\/wp-content\/uploads\/2015\/07\/BLOQUE-5-DCHA-2.jpg\" width=\"2997\" height=\"2000\" \/><\/span><\/li><\/ul><\/div><div class=\"fusion-clearfix\"><\/div><\/div><\/div><\/div><\/div><div class=\"fusion-fullwidth fullwidth-box fusion-builder-row-3 nonhundred-percent-fullwidth non-hundred-percent-height-scrolling\" style=\"background-color: rgba(255,255,255,0);background-position: left top;background-repeat: no-repeat;padding-top:20px;padding-right:0px;padding-bottom:20px;padding-left:0px;margin-bottom: 0px;margin-top: 0px;border-width: 0px 0px 0px 0px;border-color:#eae9e9;border-style:solid;\" ><div class=\"fusion-builder-row fusion-row\"><div class=\"fusion-layout-column fusion_builder_column fusion-builder-column-3 fusion_builder_column_1_1 1_1 fusion-one-full fusion-column-first fusion-column-last fusion-column-no-min-height\" style=\"margin-top:0px;margin-bottom:0px;\"><div class=\"fusion-column-wrapper fusion-flex-column-wrapper-legacy\" style=\"background-position:left top;background-repeat:no-repeat;-webkit-background-size:cover;-moz-background-size:cover;-o-background-size:cover;background-size:cover;padding: 0px 0px 0px 0px;\"><div class=\"fusion-sep-clear\"><\/div><div class=\"fusion-separator fusion-has-icon fusion-full-width-sep\" style=\"margin-left: auto;margin-right: auto;margin-top:20px;margin-bottom:20px;width:100%;\"><div class=\"fusion-separator-border sep-single sep-solid\" style=\"border-color:#e2e3e8;border-top-width:1px;\"><\/div><span class=\"icon-wrapper\" style=\"border-color:#e2e3e8;background-color:rgba(255,255,255,0);font-size:16px;width: 1.75em; height: 1.75em;border-width:1px;padding:1px;margin-top:-0.5px\"><i class=\" fa fa-users\" style=\"font-size: inherit;color:#e2e3e8;\" aria-hidden=\"true\"><\/i><\/span><div class=\"fusion-separator-border sep-single sep-solid\" style=\"border-color:#e2e3e8;border-top-width:1px;\"><\/div><\/div><div class=\"fusion-sep-clear\"><\/div><div class=\"fusion-clearfix\"><\/div><\/div><\/div><\/div><\/div><div class=\"fusion-fullwidth fullwidth-box fusion-builder-row-4 nonhundred-percent-fullwidth non-hundred-percent-height-scrolling\" style=\"background-color: rgba(255,255,255,0);background-position: left top;background-repeat: no-repeat;padding-top:20px;padding-right:0px;padding-bottom:20px;padding-left:0px;margin-bottom: 0px;margin-top: 0px;border-width: 0px 0px 0px 0px;border-color:#eae9e9;border-style:solid;\" ><div class=\"fusion-builder-row fusion-row\"><div class=\"fusion-layout-column fusion_builder_column fusion-builder-column-4 fusion_builder_column_1_1 1_1 fusion-one-full fusion-column-first fusion-column-last fusion-column-no-min-height\" style=\"margin-top:0px;margin-bottom:0px;\"><div class=\"fusion-column-wrapper fusion-flex-column-wrapper-legacy\" style=\"background-position:left top;background-repeat:no-repeat;-webkit-background-size:cover;-moz-background-size:cover;-o-background-size:cover;background-size:cover;padding: 0px 0px 0px 0px;\"><div class=\"fusion-testimonials clean fusion-testimonials-1\" data-random=\"0\" data-speed=\"4000\"><style type=\"text\/css\">#fusion-testimonials-1 a{border-color:#000000;}#fusion-testimonials-1 a:hover, #fusion-testimonials-1 .activeSlide{background-color: #000000;}.fusion-testimonials.clean.fusion-testimonials-1 .author:after{border-top-color:#ffffff !important;}<\/style><div class=\"reviews\"><div class=\"review active-testimonial no-avatar\"><blockquote class=\"testimonials-shortcode-blockquote\"><q style=\"background-color:#ffffff;color:#000000;\" class=\"fusion-clearfix\">Planteamos las casas como obras de arte, de tal forma que esculpimos hasta el m\u00e1s m\u00ednimo detalle creando una experiencia arquitect\u00f3nica \u00fanica.<\/q><\/blockquote><div class=\"author\" style=\"color:#000000;\"><span class=\"company-name\"><strong>Jos\u00e9 \u00c1ngel Su\u00e1rez Gonz\u00e1lez-Mayo<\/strong>, <span>ARCHTECH MALLORCA<\/span><\/span><\/div><\/div><div class=\"review no-avatar\"><blockquote class=\"testimonials-shortcode-blockquote\"><q style=\"background-color:#ffffff;color:#000000;\" class=\"fusion-clearfix\">Cada parcela supone una oportunidad de superarnos, esculpiendo proyectos especiales.<\/q><\/blockquote><div class=\"author\" style=\"color:#000000;\"><span class=\"company-name\"><strong>Aramis Su\u00e1rez Ferrer<\/strong>, <span>ARCHTECH MALLORCA<\/span><\/span><\/div><\/div><\/div><div class=\"testimonial-pagination\" id=\"fusion-testimonials-1\"><a href=\"#\" aria-label=\"Testimonial Pagination\"  class=\"activeSlide\"><\/a><a href=\"#\" aria-label=\"Testimonial Pagination\" ><\/a><\/div><\/div><div class=\"fusion-clearfix\"><\/div><\/div><\/div><\/div><\/div><\/p>\n","protected":false},"excerpt":{"rendered":"","protected":false},"author":5,"featured_media":0,"parent":645,"menu_order":0,"comment_status":"closed","ping_status":"closed","template":"100-width.php","meta":{"footnotes":""},"acf":[],"yoast_head":"<!-- This site is optimized with the Yoast SEO plugin v18.9 - https:\/\/yoast.com\/wordpress\/plugins\/seo\/ -->\n<title>Jardiner\u00eda \/ Paisajismo - Archtech<\/title>\n<meta name=\"robots\" content=\"index, follow, max-snippet:-1, max-image-preview:large, max-video-preview:-1\" \/>\n<link rel=\"canonical\" href=\"https:\/\/archtechmallorca.com\/es\/servicios\/jardineria-paisajismo\/\" \/>\n<meta property=\"og:locale\" content=\"es_ES\" \/>\n<meta property=\"og:type\" content=\"article\" \/>\n<meta property=\"og:title\" content=\"Jardiner\u00eda \/ Paisajismo - Archtech\" \/>\n<meta property=\"og:url\" content=\"https:\/\/archtechmallorca.com\/es\/servicios\/jardineria-paisajismo\/\" \/>\n<meta property=\"og:site_name\" content=\"Archtech\" \/>\n<meta property=\"article:modified_time\" content=\"2021-09-22T14:44:12+00:00\" \/>\n<meta name=\"twitter:card\" content=\"summary\" \/>\n<meta name=\"twitter:label1\" content=\"Tiempo de lectura\" \/>\n\t<meta name=\"twitter:data1\" content=\"6 minutos\" \/>\n<script type=\"application\/ld+json\" class=\"yoast-schema-graph\">{\"@context\":\"https:\/\/schema.org\",\"@graph\":[{\"@type\":\"WebSite\",\"@id\":\"https:\/\/archtechmallorca.com\/#website\",\"url\":\"https:\/\/archtechmallorca.com\/\",\"name\":\"Archtech\",\"description\":\"ARCHITECTURE | ENGINEERING\",\"potentialAction\":[{\"@type\":\"SearchAction\",\"target\":{\"@type\":\"EntryPoint\",\"urlTemplate\":\"https:\/\/archtechmallorca.com\/?s={search_term_string}\"},\"query-input\":\"required name=search_term_string\"}],\"inLanguage\":\"es\"},{\"@type\":\"WebPage\",\"@id\":\"https:\/\/archtechmallorca.com\/es\/servicios\/jardineria-paisajismo\/#webpage\",\"url\":\"https:\/\/archtechmallorca.com\/es\/servicios\/jardineria-paisajismo\/\",\"name\":\"Jardiner\u00eda \/ Paisajismo - Archtech\",\"isPartOf\":{\"@id\":\"https:\/\/archtechmallorca.com\/#website\"},\"datePublished\":\"2016-06-08T10:16:46+00:00\",\"dateModified\":\"2021-09-22T14:44:12+00:00\",\"breadcrumb\":{\"@id\":\"https:\/\/archtechmallorca.com\/es\/servicios\/jardineria-paisajismo\/#breadcrumb\"},\"inLanguage\":\"es\",\"potentialAction\":[{\"@type\":\"ReadAction\",\"target\":[\"https:\/\/archtechmallorca.com\/es\/servicios\/jardineria-paisajismo\/\"]}]},{\"@type\":\"BreadcrumbList\",\"@id\":\"https:\/\/archtechmallorca.com\/es\/servicios\/jardineria-paisajismo\/#breadcrumb\",\"itemListElement\":[{\"@type\":\"ListItem\",\"position\":1,\"name\":\"Home\",\"item\":\"https:\/\/archtechmallorca.com\/es\/\"},{\"@type\":\"ListItem\",\"position\":2,\"name\":\"Servicios\",\"item\":\"https:\/\/archtechmallorca.com\/es\/servicios\/\"},{\"@type\":\"ListItem\",\"position\":3,\"name\":\"Jardiner\u00eda \/ Paisajismo\"}]}]}<\/script>\n<!-- \/ Yoast SEO plugin. -->","yoast_head_json":{"title":"Jardiner\u00eda \/ Paisajismo - Archtech","robots":{"index":"index","follow":"follow","max-snippet":"max-snippet:-1","max-image-preview":"max-image-preview:large","max-video-preview":"max-video-preview:-1"},"canonical":"https:\/\/archtechmallorca.com\/es\/servicios\/jardineria-paisajismo\/","og_locale":"es_ES","og_type":"article","og_title":"Jardiner\u00eda \/ Paisajismo - Archtech","og_url":"https:\/\/archtechmallorca.com\/es\/servicios\/jardineria-paisajismo\/","og_site_name":"Archtech","article_modified_time":"2021-09-22T14:44:12+00:00","twitter_card":"summary","twitter_misc":{"Tiempo de lectura":"6 minutos"},"schema":{"@context":"https:\/\/schema.org","@graph":[{"@type":"WebSite","@id":"https:\/\/archtechmallorca.com\/#website","url":"https:\/\/archtechmallorca.com\/","name":"Archtech","description":"ARCHITECTURE | ENGINEERING","potentialAction":[{"@type":"SearchAction","target":{"@type":"EntryPoint","urlTemplate":"https:\/\/archtechmallorca.com\/?s={search_term_string}"},"query-input":"required name=search_term_string"}],"inLanguage":"es"},{"@type":"WebPage","@id":"https:\/\/archtechmallorca.com\/es\/servicios\/jardineria-paisajismo\/#webpage","url":"https:\/\/archtechmallorca.com\/es\/servicios\/jardineria-paisajismo\/","name":"Jardiner\u00eda \/ Paisajismo - Archtech","isPartOf":{"@id":"https:\/\/archtechmallorca.com\/#website"},"datePublished":"2016-06-08T10:16:46+00:00","dateModified":"2021-09-22T14:44:12+00:00","breadcrumb":{"@id":"https:\/\/archtechmallorca.com\/es\/servicios\/jardineria-paisajismo\/#breadcrumb"},"inLanguage":"es","potentialAction":[{"@type":"ReadAction","target":["https:\/\/archtechmallorca.com\/es\/servicios\/jardineria-paisajismo\/"]}]},{"@type":"BreadcrumbList","@id":"https:\/\/archtechmallorca.com\/es\/servicios\/jardineria-paisajismo\/#breadcrumb","itemListElement":[{"@type":"ListItem","position":1,"name":"Home","item":"https:\/\/archtechmallorca.com\/es\/"},{"@type":"ListItem","position":2,"name":"Servicios","item":"https:\/\/archtechmallorca.com\/es\/servicios\/"},{"@type":"ListItem","position":3,"name":"Jardiner\u00eda \/ Paisajismo"}]}]}},"_links":{"self":[{"href":"https:\/\/archtechmallorca.com\/es\/wp-json\/wp\/v2\/pages\/14508"}],"collection":[{"href":"https:\/\/archtechmallorca.com\/es\/wp-json\/wp\/v2\/pages"}],"about":[{"href":"https:\/\/archtechmallorca.com\/es\/wp-json\/wp\/v2\/types\/page"}],"author":[{"embeddable":true,"href":"https:\/\/archtechmallorca.com\/es\/wp-json\/wp\/v2\/users\/5"}],"replies":[{"embeddable":true,"href":"https:\/\/archtechmallorca.com\/es\/wp-json\/wp\/v2\/comments?post=14508"}],"version-history":[{"count":14,"href":"https:\/\/archtechmallorca.com\/es\/wp-json\/wp\/v2\/pages\/14508\/revisions"}],"predecessor-version":[{"id":15665,"href":"https:\/\/archtechmallorca.com\/es\/wp-json\/wp\/v2\/pages\/14508\/revisions\/15665"}],"up":[{"embeddable":true,"href":"https:\/\/archtechmallorca.com\/es\/wp-json\/wp\/v2\/pages\/645"}],"wp:attachment":[{"href":"https:\/\/archtechmallorca.com\/es\/wp-json\/wp\/v2\/media?parent=14508"}],"curies":[{"name":"wp","href":"https:\/\/api.w.org\/{rel}","templated":true}]}}