{"id":14559,"date":"2016-06-09T07:46:55","date_gmt":"2016-06-09T07:46:55","guid":{"rendered":"https:\/\/archtechmallorca.com\/?page_id=14559"},"modified":"2021-09-22T14:44:11","modified_gmt":"2021-09-22T14:44:11","slug":"jose-angel-suarez-glz-mayo","status":"publish","type":"page","link":"https:\/\/archtechmallorca.com\/es\/equipo\/jose-angel-suarez-glz-mayo\/","title":{"rendered":"Jos\u00e9 \u00c1ngel Su\u00e1rez Glz-Mayo"},"content":{"rendered":"<div class=\"fusion-fullwidth fullwidth-box fusion-builder-row-1 nonhundred-percent-fullwidth non-hundred-percent-height-scrolling\" style=\"background-color: rgba(255,255,255,0);background-position: left top;background-repeat: no-repeat;padding-top:20px;padding-right:0px;padding-bottom:20px;padding-left:0px;margin-bottom: 0px;margin-top: 0px;border-width: 0px 0px 0px 0px;border-color:#eae9e9;border-style:solid;\" ><div class=\"fusion-builder-row fusion-row\"><div class=\"fusion-layout-column fusion_builder_column fusion-builder-column-0 fusion_builder_column_1_1 1_1 fusion-one-full fusion-column-first fusion-column-last fusion-column-no-min-height\" style=\"margin-top:0px;margin-bottom:0px;\"><div class=\"fusion-column-wrapper fusion-flex-column-wrapper-legacy\" style=\"background-position:left top;background-repeat:no-repeat;-webkit-background-size:cover;-moz-background-size:cover;-o-background-size:cover;background-size:cover;padding: 0px 0px 0px 0px;\"><div class=\"fusion-sep-clear\"><\/div><div class=\"fusion-separator fusion-full-width-sep\" style=\"margin-left: auto;margin-right: auto;margin-top:40px;width:100%;\"><\/div><div class=\"fusion-sep-clear\"><\/div><div class=\"fusion-sep-clear\"><\/div><div class=\"fusion-separator fusion-full-width-sep\" style=\"margin-left: auto;margin-right: auto;width:100%;max-width:100%;\"><div class=\"fusion-separator-border sep-single sep-solid\" style=\"border-color:#e0dede;border-top-width:1px;\"><\/div><\/div><div class=\"fusion-sep-clear\"><\/div><div class=\"fusion-alignright\"><style type=\"text\/css\">.fusion-button.button-1 .fusion-button-text, .fusion-button.button-1 i {color:rgba(255,255,255,.75);}.fusion-button.button-1 .fusion-button-icon-divider{border-color:rgba(255,255,255,.75);}.fusion-button.button-1:hover .fusion-button-text, .fusion-button.button-1:hover i,.fusion-button.button-1:focus .fusion-button-text, .fusion-button.button-1:focus i,.fusion-button.button-1:active .fusion-button-text, .fusion-button.button-1:active{color:rgba(255,255,255,.9);}.fusion-button.button-1:hover .fusion-button-icon-divider, .fusion-button.button-1:hover .fusion-button-icon-divider, .fusion-button.button-1:active .fusion-button-icon-divider{border-color:rgba(255,255,255,.9);}.fusion-button.button-1:hover, .fusion-button.button-1:focus, .fusion-button.button-1:active{border-color:rgba(255,255,255,.9);border-width:0px;}.fusion-button.button-1 {border-color:rgba(255,255,255,.75);border-width:0px;border-radius:0px;}.fusion-button.button-1{background: rgba(255,255,255,0);}.fusion-button.button-1:hover,.button-1:focus,.fusion-button.button-1:active{background: rgba(255,255,255,0.035);}<\/style><a class=\"fusion-button button-flat button-small button-custom button-1 fusion-button-span-no btnTeam\" target=\"_self\" href=\"Ver todoshttps:\/\/archtechmallorca.com\/equipo\/\" id=\"btnTeam\"><span class=\"fusion-button-text\">Ver todos<\/span><i class=\" fa fa-angle-right button-icon-right\" aria-hidden=\"true\"><\/i><\/a><\/div><div class=\"fusion-sep-clear\"><\/div><div class=\"fusion-separator fusion-full-width-sep\" style=\"margin-left: auto;margin-right: auto;width:100%;max-width:100%;\"><div class=\"fusion-separator-border sep-single sep-solid\" style=\"border-color:#e0dede;border-top-width:1px;\"><\/div><\/div><div class=\"fusion-sep-clear\"><\/div><div class=\"fusion-sep-clear\"><\/div><div class=\"fusion-separator fusion-full-width-sep\" style=\"margin-left: auto;margin-right: auto;margin-bottom:40px;width:100%;\"><\/div><div class=\"fusion-sep-clear\"><\/div><div class=\"fusion-clearfix\"><\/div><\/div><\/div><div class=\"fusion-layout-column fusion_builder_column fusion-builder-column-1 fusion_builder_column_1_3 1_3 fusion-one-third fusion-column-first\" style=\"width:30.6666%; margin-right: 4%;margin-top:0px;margin-bottom:20px;\"><div class=\"fusion-column-wrapper fusion-flex-column-wrapper-legacy\" style=\"background-position:left top;background-repeat:no-repeat;-webkit-background-size:cover;-moz-background-size:cover;-o-background-size:cover;background-size:cover;padding: 0px 0px 0px 0px;\"><span class=\" fusion-imageframe imageframe-none imageframe-1 hover-type-zoomin\"><img decoding=\"async\" width=\"1335\" height=\"2000\" title=\"Artech1725\" src=\"https:\/\/archtechmallorca.com\/wp-content\/uploads\/2016\/02\/Artech1725.jpg\" class=\"img-responsive wp-image-13409\" srcset=\"https:\/\/archtechmallorca.com\/wp-content\/uploads\/2016\/02\/Artech1725-200x300.jpg 200w, https:\/\/archtechmallorca.com\/wp-content\/uploads\/2016\/02\/Artech1725.jpg 1335w\" sizes=\"(max-width: 800px) 100vw, 1335px\" \/><\/span><div class=\"fusion-clearfix\"><\/div><\/div><\/div><div class=\"fusion-layout-column fusion_builder_column fusion-builder-column-2 fusion_builder_column_2_3 2_3 fusion-two-third fusion-column-last\" style=\"width:65.3333%;margin-top:0px;margin-bottom:20px;\"><div class=\"fusion-column-wrapper fusion-flex-column-wrapper-legacy\" style=\"background-position:left top;background-repeat:no-repeat;-webkit-background-size:cover;-moz-background-size:cover;-o-background-size:cover;background-size:cover;padding: 0px 0px 0px 0px;\"><div class=\"fusion-text fusion-text-1\"><h2 style=\"text-align: left; color: #000;\"><span class=\"s1\"><b>Jos\u00e9 \u00c1ngel Su\u00e1rez Gonz\u00e1lez-Mayo<\/b><\/span><\/h2>\n<h5 style=\"text-align: left; color: #000; margin-top: -21px;\"><em>Arquitecto &#8211; Director del estudio<\/em><\/h5>\n<\/div><div class=\"fusion-sep-clear\"><\/div><div class=\"fusion-separator fusion-clearfix\" style=\"float:left;margin-top:10px;margin-bottom:20px;width:100%;max-width:200px;\"><div class=\"fusion-separator-border sep-single sep-solid\" style=\"border-color:#e0dede;border-top-width:1px;\"><\/div><\/div><div class=\"fusion-sep-clear\"><\/div><div class=\"fusion-text fusion-text-2\"><p class=\"p1\"><span class=\"s1\"><strong>Socio fundador de Archtech Mallorca<\/strong>. <\/span><\/p>\n<p class=\"p1\"><span class=\"s1\">Arquitecto licenciado por la Escuela T\u00e9cnica Superior de Arquitectura\u00a0de Madrid (1977).\u00a0<\/span><\/p>\n<p class=\"p1\"><span class=\"s1\">Colegiado por Colegio Oficial de Arquitectos de Madrid (COAM) y por el Colegio Oficial de Arquitectos de las Islas Baleares (COAIB). <span class=\"Apple-converted-space\">\u00a0 <\/span><\/span><\/p>\n<p class=\"p1\"><span class=\"s1\">Secretario del Tribunal Profesional del COAIB.<\/span><\/p>\n<p class=\"p1\"><span class=\"s1\">Funda su primer estudio en el a\u00f1o 1979<span class=\"Apple-converted-space\">\u00a0 <\/span>que lleva su propio nombre.<\/span><\/p>\n<p class=\"p1\"><span class=\"s1\">Crea el estudio Archtech en el a\u00f1o 2006.<\/span><\/p>\n<p class=\"p1\"><span class=\"s1\">Ha colaborado con prestigiosos arquitectos y estudios nacionales e internacionales como Javier de la Calzada, Juan Carlos Garc\u00eda Barber\u00eda, Miguel \u00c1ngel \u00c1lvarez y Gabriel Allende en Madrid; Juan Morro, Jaime Ros Blanes y Andreu Bennasar en Palma de Mallorca; y Spilis Candela &amp; Partners, <\/span><span class=\"s2\">Leoh Ming Pei<\/span><span class=\"s1\">, Alberto Sokolowky, Juan Lezcano, y Arquitectonica en Florida, Estados Unidos.\u00a0<\/span><\/p>\n<p class=\"p1\"><span class=\"s1\">Ha realizado numerosos proyectos, tanto de promoci\u00f3n p\u00fablica como privada. (viviendas, locales comerciales, hospitales, hoteles, discotecas, \u2026)<\/span><\/p>\n<p class=\"p1\"><span class=\"s1\">En colaboraci\u00f3n con Spilis Candela &amp; Partners ha realizado el Hospital Naval de la Base de Rota para la armada americana (U.S NAVY)<\/span><\/p>\n<p class=\"p1\"><span class=\"s1\">Tiene decenas de edificios en Madrid, en las principales calles: Fuencarral, Marques de Urquijo, Ponzano, Avda. de Valladolid, Maria Auxiliadora, Gabriela Mistral, etc.<\/span><\/p>\n<p class=\"p1\"><span class=\"s1\">Experto en vivienda residencial de lujo.<\/span><\/p>\n<p class=\"p1\"><span class=\"s1\">Possee una amplia visi\u00f3n de las artes, habiendo sido galerista muchos a\u00f1os en la Galeria Seiquer de Madrid y habiendo realizado trabajos como director cinematogr\u00e1fico junto a Javier Fesser (1983), fot\u00f3grafo (premios: S. Fco. Javier \u00b470 y Chaminade \u00b471), escultura y pintura.\u00a0<\/span><\/p>\n<p class=\"p1\"><span class=\"s1\">Ha colaborado con reconocidos artistas como: Miguel Barcel\u00f3, Guillermo P\u00e9rez Villalta, Javier Mariscal, Jos\u00e9 Maldonado, Ouka Lele, Fernando Sinaga, Rosa Maria Jimeno y Rafael Zapatero, entre otros.<\/span><\/p>\n<\/div><div class=\"fusion-clearfix\"><\/div><\/div><\/div><\/div><\/div>\n","protected":false},"excerpt":{"rendered":"","protected":false},"author":5,"featured_media":0,"parent":11707,"menu_order":0,"comment_status":"closed","ping_status":"closed","template":"100-width.php","meta":{"footnotes":""},"acf":[],"yoast_head":"<!-- This site is optimized with the Yoast SEO plugin v18.9 - https:\/\/yoast.com\/wordpress\/plugins\/seo\/ -->\n<title>Jos\u00e9 \u00c1ngel Su\u00e1rez Glz-Mayo - Archtech<\/title>\n<meta name=\"robots\" content=\"index, follow, max-snippet:-1, max-image-preview:large, max-video-preview:-1\" \/>\n<link rel=\"canonical\" href=\"https:\/\/archtechmallorca.com\/es\/equipo\/jose-angel-suarez-glz-mayo\/\" \/>\n<meta property=\"og:locale\" content=\"es_ES\" \/>\n<meta property=\"og:type\" content=\"article\" \/>\n<meta property=\"og:title\" content=\"Jos\u00e9 \u00c1ngel Su\u00e1rez Glz-Mayo - Archtech\" \/>\n<meta property=\"og:url\" content=\"https:\/\/archtechmallorca.com\/es\/equipo\/jose-angel-suarez-glz-mayo\/\" \/>\n<meta property=\"og:site_name\" content=\"Archtech\" \/>\n<meta property=\"article:modified_time\" content=\"2021-09-22T14:44:11+00:00\" \/>\n<meta property=\"og:image\" content=\"https:\/\/archtechmallorca.com\/wp-content\/uploads\/2016\/02\/Artech1725.jpg\" \/>\n<meta name=\"twitter:card\" content=\"summary\" \/>\n<meta name=\"twitter:label1\" content=\"Tiempo de lectura\" \/>\n\t<meta name=\"twitter:data1\" content=\"4 minutos\" \/>\n<script type=\"application\/ld+json\" class=\"yoast-schema-graph\">{\"@context\":\"https:\/\/schema.org\",\"@graph\":[{\"@type\":\"WebSite\",\"@id\":\"https:\/\/archtechmallorca.com\/#website\",\"url\":\"https:\/\/archtechmallorca.com\/\",\"name\":\"Archtech\",\"description\":\"ARCHITECTURE | ENGINEERING\",\"potentialAction\":[{\"@type\":\"SearchAction\",\"target\":{\"@type\":\"EntryPoint\",\"urlTemplate\":\"https:\/\/archtechmallorca.com\/?s={search_term_string}\"},\"query-input\":\"required name=search_term_string\"}],\"inLanguage\":\"es\"},{\"@type\":\"ImageObject\",\"inLanguage\":\"es\",\"@id\":\"https:\/\/archtechmallorca.com\/es\/equipo\/jose-angel-suarez-glz-mayo\/#primaryimage\",\"url\":\"https:\/\/archtechmallorca.com\/wp-content\/uploads\/2016\/02\/Artech1725.jpg\",\"contentUrl\":\"https:\/\/archtechmallorca.com\/wp-content\/uploads\/2016\/02\/Artech1725.jpg\",\"width\":1335,\"height\":2000},{\"@type\":\"WebPage\",\"@id\":\"https:\/\/archtechmallorca.com\/es\/equipo\/jose-angel-suarez-glz-mayo\/#webpage\",\"url\":\"https:\/\/archtechmallorca.com\/es\/equipo\/jose-angel-suarez-glz-mayo\/\",\"name\":\"Jos\u00e9 \u00c1ngel Su\u00e1rez Glz-Mayo - Archtech\",\"isPartOf\":{\"@id\":\"https:\/\/archtechmallorca.com\/#website\"},\"primaryImageOfPage\":{\"@id\":\"https:\/\/archtechmallorca.com\/es\/equipo\/jose-angel-suarez-glz-mayo\/#primaryimage\"},\"datePublished\":\"2016-06-09T07:46:55+00:00\",\"dateModified\":\"2021-09-22T14:44:11+00:00\",\"breadcrumb\":{\"@id\":\"https:\/\/archtechmallorca.com\/es\/equipo\/jose-angel-suarez-glz-mayo\/#breadcrumb\"},\"inLanguage\":\"es\",\"potentialAction\":[{\"@type\":\"ReadAction\",\"target\":[\"https:\/\/archtechmallorca.com\/es\/equipo\/jose-angel-suarez-glz-mayo\/\"]}]},{\"@type\":\"BreadcrumbList\",\"@id\":\"https:\/\/archtechmallorca.com\/es\/equipo\/jose-angel-suarez-glz-mayo\/#breadcrumb\",\"itemListElement\":[{\"@type\":\"ListItem\",\"position\":1,\"name\":\"Home\",\"item\":\"https:\/\/archtechmallorca.com\/es\/\"},{\"@type\":\"ListItem\",\"position\":2,\"name\":\"Equipo\",\"item\":\"https:\/\/archtechmallorca.com\/es\/equipo\/\"},{\"@type\":\"ListItem\",\"position\":3,\"name\":\"Jos\u00e9 \u00c1ngel Su\u00e1rez Glz-Mayo\"}]}]}<\/script>\n<!-- \/ Yoast SEO plugin. -->","yoast_head_json":{"title":"Jos\u00e9 \u00c1ngel Su\u00e1rez Glz-Mayo - Archtech","robots":{"index":"index","follow":"follow","max-snippet":"max-snippet:-1","max-image-preview":"max-image-preview:large","max-video-preview":"max-video-preview:-1"},"canonical":"https:\/\/archtechmallorca.com\/es\/equipo\/jose-angel-suarez-glz-mayo\/","og_locale":"es_ES","og_type":"article","og_title":"Jos\u00e9 \u00c1ngel Su\u00e1rez Glz-Mayo - Archtech","og_url":"https:\/\/archtechmallorca.com\/es\/equipo\/jose-angel-suarez-glz-mayo\/","og_site_name":"Archtech","article_modified_time":"2021-09-22T14:44:11+00:00","og_image":[{"url":"https:\/\/archtechmallorca.com\/wp-content\/uploads\/2016\/02\/Artech1725.jpg"}],"twitter_card":"summary","twitter_misc":{"Tiempo de lectura":"4 minutos"},"schema":{"@context":"https:\/\/schema.org","@graph":[{"@type":"WebSite","@id":"https:\/\/archtechmallorca.com\/#website","url":"https:\/\/archtechmallorca.com\/","name":"Archtech","description":"ARCHITECTURE | ENGINEERING","potentialAction":[{"@type":"SearchAction","target":{"@type":"EntryPoint","urlTemplate":"https:\/\/archtechmallorca.com\/?s={search_term_string}"},"query-input":"required name=search_term_string"}],"inLanguage":"es"},{"@type":"ImageObject","inLanguage":"es","@id":"https:\/\/archtechmallorca.com\/es\/equipo\/jose-angel-suarez-glz-mayo\/#primaryimage","url":"https:\/\/archtechmallorca.com\/wp-content\/uploads\/2016\/02\/Artech1725.jpg","contentUrl":"https:\/\/archtechmallorca.com\/wp-content\/uploads\/2016\/02\/Artech1725.jpg","width":1335,"height":2000},{"@type":"WebPage","@id":"https:\/\/archtechmallorca.com\/es\/equipo\/jose-angel-suarez-glz-mayo\/#webpage","url":"https:\/\/archtechmallorca.com\/es\/equipo\/jose-angel-suarez-glz-mayo\/","name":"Jos\u00e9 \u00c1ngel Su\u00e1rez Glz-Mayo - Archtech","isPartOf":{"@id":"https:\/\/archtechmallorca.com\/#website"},"primaryImageOfPage":{"@id":"https:\/\/archtechmallorca.com\/es\/equipo\/jose-angel-suarez-glz-mayo\/#primaryimage"},"datePublished":"2016-06-09T07:46:55+00:00","dateModified":"2021-09-22T14:44:11+00:00","breadcrumb":{"@id":"https:\/\/archtechmallorca.com\/es\/equipo\/jose-angel-suarez-glz-mayo\/#breadcrumb"},"inLanguage":"es","potentialAction":[{"@type":"ReadAction","target":["https:\/\/archtechmallorca.com\/es\/equipo\/jose-angel-suarez-glz-mayo\/"]}]},{"@type":"BreadcrumbList","@id":"https:\/\/archtechmallorca.com\/es\/equipo\/jose-angel-suarez-glz-mayo\/#breadcrumb","itemListElement":[{"@type":"ListItem","position":1,"name":"Home","item":"https:\/\/archtechmallorca.com\/es\/"},{"@type":"ListItem","position":2,"name":"Equipo","item":"https:\/\/archtechmallorca.com\/es\/equipo\/"},{"@type":"ListItem","position":3,"name":"Jos\u00e9 \u00c1ngel Su\u00e1rez Glz-Mayo"}]}]}},"_links":{"self":[{"href":"https:\/\/archtechmallorca.com\/es\/wp-json\/wp\/v2\/pages\/14559"}],"collection":[{"href":"https:\/\/archtechmallorca.com\/es\/wp-json\/wp\/v2\/pages"}],"about":[{"href":"https:\/\/archtechmallorca.com\/es\/wp-json\/wp\/v2\/types\/page"}],"author":[{"embeddable":true,"href":"https:\/\/archtechmallorca.com\/es\/wp-json\/wp\/v2\/users\/5"}],"replies":[{"embeddable":true,"href":"https:\/\/archtechmallorca.com\/es\/wp-json\/wp\/v2\/comments?post=14559"}],"version-history":[{"count":19,"href":"https:\/\/archtechmallorca.com\/es\/wp-json\/wp\/v2\/pages\/14559\/revisions"}],"predecessor-version":[{"id":15663,"href":"https:\/\/archtechmallorca.com\/es\/wp-json\/wp\/v2\/pages\/14559\/revisions\/15663"}],"up":[{"embeddable":true,"href":"https:\/\/archtechmallorca.com\/es\/wp-json\/wp\/v2\/pages\/11707"}],"wp:attachment":[{"href":"https:\/\/archtechmallorca.com\/es\/wp-json\/wp\/v2\/media?parent=14559"}],"curies":[{"name":"wp","href":"https:\/\/api.w.org\/{rel}","templated":true}]}}